{"id":13,"date":"2025-09-28T22:57:39","date_gmt":"2025-09-28T22:57:39","guid":{"rendered":"https:\/\/ridita.net\/?page_id=13"},"modified":"2025-10-15T15:31:17","modified_gmt":"2025-10-15T15:31:17","slug":"xcongreso","status":"publish","type":"page","link":"https:\/\/ridita.net\/index.php\/xcongreso\/","title":{"rendered":"RIDITA"},"content":{"rendered":"\t\t<div data-elementor-type=\"wp-page\" data-elementor-id=\"13\" class=\"elementor elementor-13\" data-elementor-post-type=\"page\">\n\t\t\t\t<div class=\"elementor-element elementor-element-349b11c e-flex e-con-boxed e-con e-parent\" data-id=\"349b11c\" data-element_type=\"container\" data-settings=\"{&quot;background_background&quot;:&quot;classic&quot;}\">\n\t\t\t\t\t<div class=\"e-con-inner\">\n\t\t<div class=\"elementor-element elementor-element-1445bed e-grid e-con-full e-con e-child\" data-id=\"1445bed\" data-element_type=\"container\">\n\t\t\t\t<div class=\"elementor-element elementor-element-3b15a47 elementor-nav-menu--dropdown-tablet elementor-nav-menu__text-align-aside elementor-nav-menu--toggle elementor-nav-menu--burger elementor-widget elementor-widget-nav-menu\" data-id=\"3b15a47\" data-element_type=\"widget\" data-settings=\"{&quot;layout&quot;:&quot;horizontal&quot;,&quot;submenu_icon&quot;:{&quot;value&quot;:&quot;&lt;svg class=\\&quot;e-font-icon-svg e-fas-caret-down\\&quot; viewBox=\\&quot;0 0 320 512\\&quot; xmlns=\\&quot;http:\\\/\\\/www.w3.org\\\/2000\\\/svg\\&quot;&gt;&lt;path d=\\&quot;M31.3 192h257.3c17.8 0 26.7 21.5 14.1 34.1L174.1 354.8c-7.8 7.8-20.5 7.8-28.3 0L17.2 226.1C4.6 213.5 13.5 192 31.3 192z\\&quot;&gt;&lt;\\\/path&gt;&lt;\\\/svg&gt;&quot;,&quot;library&quot;:&quot;fa-solid&quot;},&quot;toggle&quot;:&quot;burger&quot;}\" data-widget_type=\"nav-menu.default\">\n\t\t\t\t\t\t\t\t<nav aria-label=\"Menu\" class=\"elementor-nav-menu--main elementor-nav-menu__container elementor-nav-menu--layout-horizontal e--pointer-underline e--animation-fade\">\n\t\t\t\t<ul id=\"menu-1-3b15a47\" class=\"elementor-nav-menu\"><li class=\"menu-item menu-item-type-custom menu-item-object-custom menu-item-100\"><a href=\"#\" class=\"elementor-item elementor-item-anchor menu-link\">INICIO<\/a><\/li>\n<li class=\"menu-item menu-item-type-custom menu-item-object-custom menu-item-101\"><a href=\"#\" class=\"elementor-item elementor-item-anchor menu-link\">ORGANIZACI\u00d3N<\/a><\/li>\n<li class=\"menu-item menu-item-type-custom menu-item-object-custom menu-item-102\"><a href=\"#\" class=\"elementor-item elementor-item-anchor menu-link\">CIRCULARES<\/a><\/li>\n<li class=\"menu-item menu-item-type-custom menu-item-object-custom menu-item-103\"><a href=\"#\" class=\"elementor-item elementor-item-anchor menu-link\">CRONOGRAMA<\/a><\/li>\n<li class=\"menu-item menu-item-type-custom menu-item-object-custom menu-item-104\"><a href=\"#\" class=\"elementor-item elementor-item-anchor menu-link\">CONFERENCISTAS<\/a><\/li>\n<li class=\"menu-item menu-item-type-custom menu-item-object-custom menu-item-105\"><a href=\"#\" class=\"elementor-item elementor-item-anchor menu-link\">INSCRIPCI\u00d3N<\/a><\/li>\n<li class=\"menu-item menu-item-type-custom menu-item-object-custom menu-item-106\"><a href=\"#\" class=\"elementor-item elementor-item-anchor menu-link\">PUBLICACIONES<\/a><\/li>\n<li class=\"menu-item menu-item-type-custom menu-item-object-custom menu-item-107\"><a href=\"#\" class=\"elementor-item elementor-item-anchor menu-link\">CONTACTO<\/a><\/li>\n<\/ul>\t\t\t<\/nav>\n\t\t\t\t\t<div class=\"elementor-menu-toggle\" role=\"button\" tabindex=\"0\" aria-label=\"Menu Toggle\" aria-expanded=\"false\">\n\t\t\t<svg aria-hidden=\"true\" role=\"presentation\" class=\"elementor-menu-toggle__icon--open e-font-icon-svg e-eicon-menu-bar\" viewBox=\"0 0 1000 1000\" xmlns=\"http:\/\/www.w3.org\/2000\/svg\"><path d=\"M104 333H896C929 333 958 304 958 271S929 208 896 208H104C71 208 42 237 42 271S71 333 104 333ZM104 583H896C929 583 958 554 958 521S929 458 896 458H104C71 458 42 487 42 521S71 583 104 583ZM104 833H896C929 833 958 804 958 771S929 708 896 708H104C71 708 42 737 42 771S71 833 104 833Z\"><\/path><\/svg><svg aria-hidden=\"true\" role=\"presentation\" class=\"elementor-menu-toggle__icon--close e-font-icon-svg e-eicon-close\" viewBox=\"0 0 1000 1000\" xmlns=\"http:\/\/www.w3.org\/2000\/svg\"><path d=\"M742 167L500 408 258 167C246 154 233 150 217 150 196 150 179 158 167 167 154 179 150 196 150 212 150 229 154 242 171 254L408 500 167 742C138 771 138 800 167 829 196 858 225 858 254 829L496 587 738 829C750 842 767 846 783 846 800 846 817 842 829 829 842 817 846 804 846 783 846 767 842 750 829 737L588 500 833 258C863 229 863 200 833 171 804 137 775 137 742 167Z\"><\/path><\/svg>\t\t<\/div>\n\t\t\t\t\t<nav class=\"elementor-nav-menu--dropdown elementor-nav-menu__container\" aria-hidden=\"true\">\n\t\t\t\t<ul id=\"menu-2-3b15a47\" class=\"elementor-nav-menu\"><li class=\"menu-item menu-item-type-custom menu-item-object-custom menu-item-100\"><a href=\"#\" class=\"elementor-item elementor-item-anchor menu-link\" tabindex=\"-1\">INICIO<\/a><\/li>\n<li class=\"menu-item menu-item-type-custom menu-item-object-custom menu-item-101\"><a href=\"#\" class=\"elementor-item elementor-item-anchor menu-link\" tabindex=\"-1\">ORGANIZACI\u00d3N<\/a><\/li>\n<li class=\"menu-item menu-item-type-custom menu-item-object-custom menu-item-102\"><a href=\"#\" class=\"elementor-item elementor-item-anchor menu-link\" tabindex=\"-1\">CIRCULARES<\/a><\/li>\n<li class=\"menu-item menu-item-type-custom menu-item-object-custom menu-item-103\"><a href=\"#\" class=\"elementor-item elementor-item-anchor menu-link\" tabindex=\"-1\">CRONOGRAMA<\/a><\/li>\n<li class=\"menu-item menu-item-type-custom menu-item-object-custom menu-item-104\"><a href=\"#\" class=\"elementor-item elementor-item-anchor menu-link\" tabindex=\"-1\">CONFERENCISTAS<\/a><\/li>\n<li class=\"menu-item menu-item-type-custom menu-item-object-custom menu-item-105\"><a href=\"#\" class=\"elementor-item elementor-item-anchor menu-link\" tabindex=\"-1\">INSCRIPCI\u00d3N<\/a><\/li>\n<li class=\"menu-item menu-item-type-custom menu-item-object-custom menu-item-106\"><a href=\"#\" class=\"elementor-item elementor-item-anchor menu-link\" tabindex=\"-1\">PUBLICACIONES<\/a><\/li>\n<li class=\"menu-item menu-item-type-custom menu-item-object-custom menu-item-107\"><a href=\"#\" class=\"elementor-item elementor-item-anchor menu-link\" tabindex=\"-1\">CONTACTO<\/a><\/li>\n<\/ul>\t\t\t<\/nav>\n\t\t\t\t\t\t<\/div>\n\t\t\t\t<\/div>\n\t\t<div class=\"elementor-element elementor-element-2ce076f e-grid e-con-full e-con e-child\" data-id=\"2ce076f\" data-element_type=\"container\" data-settings=\"{&quot;background_background&quot;:&quot;classic&quot;}\">\n\t\t<div class=\"elementor-element elementor-element-dc89e13 e-grid e-con-full e-con e-child\" data-id=\"dc89e13\" data-element_type=\"container\">\n\t\t<div class=\"elementor-element elementor-element-f2ec99e e-con-full e-flex e-con e-child\" data-id=\"f2ec99e\" data-element_type=\"container\">\n\t\t<div class=\"elementor-element elementor-element-2f8f15a e-con-full e-flex e-con e-child\" data-id=\"2f8f15a\" data-element_type=\"container\">\n\t\t\t\t<div class=\"elementor-element elementor-element-470db64 elementor-widget elementor-widget-image\" data-id=\"470db64\" data-element_type=\"widget\" data-widget_type=\"image.default\">\n\t\t\t\t\t\t\t\t\t\t\t\t\t\t\t<img decoding=\"async\" width=\"237\" height=\"195\" src=\"https:\/\/ridita.net\/wp-content\/uploads\/2025\/10\/Logo-RIDITA-e1458820318823.png\" class=\"attachment-large size-large wp-image-71\" alt=\"\" \/>\t\t\t\t\t\t\t\t\t\t\t\t\t\t\t<\/div>\n\t\t\t\t<\/div>\n\t\t<div class=\"elementor-element elementor-element-e678107 e-con-full e-flex e-con e-child\" data-id=\"e678107\" data-element_type=\"container\">\n\t\t\t\t<div class=\"elementor-element elementor-element-ffaba88 elementor-widget elementor-widget-heading\" data-id=\"ffaba88\" data-element_type=\"widget\" data-widget_type=\"heading.default\">\n\t\t\t\t\t<h2 class=\"elementor-heading-title elementor-size-default\">x<\/h2>\t\t\t\t<\/div>\n\t\t\t\t<\/div>\n\t\t<div class=\"elementor-element elementor-element-ec789f4 e-con-full e-flex e-con e-child\" data-id=\"ec789f4\" data-element_type=\"container\">\n\t\t\t\t<div class=\"elementor-element elementor-element-be7df2f elementor-widget elementor-widget-heading\" data-id=\"be7df2f\" data-element_type=\"widget\" data-widget_type=\"heading.default\">\n\t\t\t\t\t<h2 class=\"elementor-heading-title elementor-size-default\">Congreso Internacional RIDITA<\/h2>\t\t\t\t<\/div>\n\t\t\t\t<div class=\"elementor-element elementor-element-5f6151b elementor-widget-mobile__width-initial elementor-widget elementor-widget-text-editor\" data-id=\"5f6151b\" data-element_type=\"widget\" data-widget_type=\"text-editor.default\">\n\t\t\t\t\t\t\t\t\t<p>La Plata &#8211; Argentina 16,17 y 18 NOV 2026<\/p>\t\t\t\t\t\t\t\t<\/div>\n\t\t\t\t<\/div>\n\t\t\t\t<\/div>\n\t\t\t\t<\/div>\n\t\t\t\t<div class=\"elementor-element elementor-element-7e8c67f elementor-widget elementor-widget-heading\" data-id=\"7e8c67f\" data-element_type=\"widget\" data-widget_type=\"heading.default\">\n\t\t\t\t\t<h2 class=\"elementor-heading-title elementor-size-default\">\"Transporte A\u00e9reo  - Transformando el Presente, Conectando el Futuro\"<\/h2>\t\t\t\t<\/div>\n\t\t\t\t<div class=\"elementor-element elementor-element-1e9260a elementor-widget elementor-widget-text-editor\" data-id=\"1e9260a\" data-element_type=\"widget\" data-widget_type=\"text-editor.default\">\n\t\t\t\t\t\t\t\t\t<p>El Grupo de Transporte A\u00e9reo (GTA) de la UIDET GTA-GIAI se complace en anunciar que el X Congreso de la RED IBEROAMERICANA DE INVESTIGACI\u00d3N EN TRANSPORTE A\u00c9REO (RIDITA), se llevar\u00e1 a cabo en la <strong>Facultad de Ingenier\u00eda de la Universidad Nacional de La Plata, Argentina<\/strong>, los d\u00edas <strong>16, 17 y 18 de noviembre de 2026<\/strong>.<br \/><span style=\"font-style: inherit; font-weight: inherit;\">La RIDITA es un grupo abierto, incluyente y sin fines de lucro, de discusi\u00f3n permanente, conformado por investigadores, formadores y profesionales relacionados con el Transporte A\u00e9reo que se desempe\u00f1en en instituciones acad\u00e9micas iberoamericanas, fundado en 2007.<\/span><\/p>\t\t\t\t\t\t\t\t<\/div>\n\t\t\t\t<div class=\"elementor-element elementor-element-2314c05 elementor-widget elementor-widget-heading\" data-id=\"2314c05\" data-element_type=\"widget\" data-widget_type=\"heading.default\">\n\t\t\t\t\t<h2 class=\"elementor-heading-title elementor-size-default\">Congresos Recientes<\/h2>\t\t\t\t<\/div>\n\t\t\t\t<div class=\"elementor-element elementor-element-d681a6e elementor-widget elementor-widget-text-editor\" data-id=\"d681a6e\" data-element_type=\"widget\" data-widget_type=\"text-editor.default\">\n\t\t\t\t\t\t\t\t\t<ul><li>IX Congreso Internacional de la RIDITA realizado en el Instituto Superior de Educa\u00e7\u00e3o e Ci\u00eancias (ISEC) en Lisboa, Portugal en junio de 2024. Congreso oganizado conjuntamente por ISEC Lisboa, UBI y IST (Instituto Superior T\u00e9cnico).<\/li><li>VIII Congreso Internacional de la RIDITA realizado en la Universidad Pontificia Bolivariana en Medell\u00edn, Colombia entre el 6, 7 y 8 de octubre de 2021 Congreso organizado por la: Universidad Pontificia Bolivariana, Universidad Nacional<\/li><li>VII Congreso Internacional de la RIDITA realizado en el Departamento de Ci\u00eancias Aeroespaciais (DCA), de la Faculdade de Engenharia &#8211; Universidade da Beira Interior, Portugal, entre el 09 y 11 de octubre de 2019.<\/li><li>VI Congreso Internacional de la RIDITA realizado en la Academia de Ciencias Aeron\u00e1uticas de la Universidad T\u00e9cnica Federico Santa Mar\u00eda Santiago de Chile, entre el 10 y 12 de octubre de 2017.<\/li><\/ul>\t\t\t\t\t\t\t\t<\/div>\n\t\t\t\t<div class=\"elementor-element elementor-element-4b174e6 elementor-widget elementor-widget-heading\" data-id=\"4b174e6\" data-element_type=\"widget\" data-widget_type=\"heading.default\">\n\t\t\t\t\t<h2 class=\"elementor-heading-title elementor-size-default\">Areas de actuacion de la RIDITA<\/h2>\t\t\t\t<\/div>\n\t\t\t\t<div class=\"elementor-element elementor-element-ce505ff elementor-widget elementor-widget-text-editor\" data-id=\"ce505ff\" data-element_type=\"widget\" data-widget_type=\"text-editor.default\">\n\t\t\t\t\t\t\t\t\t<ul><li>Econom\u00eda y Finanzas en Transporte A\u00e9reo<\/li><li>Gesti\u00f3n empresarial y gubernamental de los servicios del transporte a\u00e9reo<\/li><li>Infraestructura y Tecnolog\u00eda del transporte a\u00e9reo<\/li><li>Navegaci\u00f3n en el espacio a\u00e9reo<\/li><li>Planificaci\u00f3n y operaci\u00f3n del transporte a\u00e9reo<\/li><li>Salud p\u00fablica en el transporte a\u00e9reo<\/li><li>Seguridad Operacional en el Transporte A\u00e9reo<\/li><li>Sostenibilidad en Transporte A\u00e9reo<\/li><\/ul>\t\t\t\t\t\t\t\t<\/div>\n\t\t\t\t<\/div>\n\t\t\t\t\t<\/div>\n\t\t\t\t<\/div>\n\t\t\t\t<\/div>\n\t\t","protected":false},"excerpt":{"rendered":"<p>x Congreso Internacional RIDITA La Plata &#8211; Argentina 16,17 y 18 NOV 2026 \u00abTransporte A\u00e9reo &#8211; Transformando el Presente, Conectando [&hellip;]<\/p>\n","protected":false},"author":1,"featured_media":0,"parent":0,"menu_order":0,"comment_status":"closed","ping_status":"closed","template":"elementor_canvas","meta":{"site-sidebar-layout":"no-sidebar","site-content-layout":"","ast-site-content-layout":"full-width-container","site-content-style":"default","site-sidebar-style":"default","ast-global-header-display":"","ast-banner-title-visibility":"","ast-main-header-display":"","ast-hfb-above-header-display":"","ast-hfb-below-header-display":"","ast-hfb-mobile-header-display":"","site-post-title":"","ast-breadcrumbs-content":"","ast-featured-img":"disabled","footer-sml-layout":"","theme-transparent-header-meta":"","adv-header-id-meta":"","stick-header-meta":"","header-above-stick-meta":"","header-main-stick-meta":"","header-below-stick-meta":"","astra-migrate-meta-layouts":"default","ast-page-background-enabled":"default","ast-page-background-meta":{"desktop":{"background-color":"var(--ast-global-color-5)","background-image":"","background-repeat":"repeat","background-position":"center center","background-size":"auto","background-attachment":"scroll","background-type":"","background-media":"","overlay-type":"","overlay-color":"","overlay-opacity":"","overlay-gradient":""},"tablet":{"background-color":"","background-image":"","background-repeat":"repeat","background-position":"center center","background-size":"auto","background-attachment":"scroll","background-type":"","background-media":"","overlay-type":"","overlay-color":"","overlay-opacity":"","overlay-gradient":""},"mobile":{"background-color":"","background-image":"","background-repeat":"repeat","background-position":"center center","background-size":"auto","background-attachment":"scroll","background-type":"","background-media":"","overlay-type":"","overlay-color":"","overlay-opacity":"","overlay-gradient":""}},"ast-content-background-meta":{"desktop":{"background-color":"var(--ast-global-color-4)","background-image":"","background-repeat":"repeat","background-position":"center center","background-size":"auto","background-attachment":"scroll","background-type":"","background-media":"","overlay-type":"","overlay-color":"","overlay-opacity":"","overlay-gradient":""},"tablet":{"background-color":"var(--ast-global-color-4)","background-image":"","background-repeat":"repeat","background-position":"center center","background-size":"auto","background-attachment":"scroll","background-type":"","background-media":"","overlay-type":"","overlay-color":"","overlay-opacity":"","overlay-gradient":""},"mobile":{"background-color":"var(--ast-global-color-4)","background-image":"","background-repeat":"repeat","background-position":"center center","background-size":"auto","background-attachment":"scroll","background-type":"","background-media":"","overlay-type":"","overlay-color":"","overlay-opacity":"","overlay-gradient":""}},"footnotes":""},"class_list":["post-13","page","type-page","status-publish","hentry"],"_links":{"self":[{"href":"https:\/\/ridita.net\/index.php\/wp-json\/wp\/v2\/pages\/13","targetHints":{"allow":["GET"]}}],"collection":[{"href":"https:\/\/ridita.net\/index.php\/wp-json\/wp\/v2\/pages"}],"about":[{"href":"https:\/\/ridita.net\/index.php\/wp-json\/wp\/v2\/types\/page"}],"author":[{"embeddable":true,"href":"https:\/\/ridita.net\/index.php\/wp-json\/wp\/v2\/users\/1"}],"replies":[{"embeddable":true,"href":"https:\/\/ridita.net\/index.php\/wp-json\/wp\/v2\/comments?post=13"}],"version-history":[{"count":106,"href":"https:\/\/ridita.net\/index.php\/wp-json\/wp\/v2\/pages\/13\/revisions"}],"predecessor-version":[{"id":140,"href":"https:\/\/ridita.net\/index.php\/wp-json\/wp\/v2\/pages\/13\/revisions\/140"}],"wp:attachment":[{"href":"https:\/\/ridita.net\/index.php\/wp-json\/wp\/v2\/media?parent=13"}],"curies":[{"name":"wp","href":"https:\/\/api.w.org\/{rel}","templated":true}]}}